{"id":242,"date":"2024-03-16T17:39:07","date_gmt":"2024-03-16T16:39:07","guid":{"rendered":"http:\/\/runinsa.fr\/?page_id=242"},"modified":"2025-10-21T22:36:11","modified_gmt":"2025-10-21T20:36:11","slug":"reglement","status":"publish","type":"page","link":"https:\/\/runinsa.fr\/index.php\/reglement\/","title":{"rendered":"R\u00e8glement"},"content":{"rendered":"\n<h1 class=\"wp-block-heading\">R\u00e8glement participants pour l\u2019\u00e9dition 2026<\/h1>\n\n\n\n<p><p><strong>R\u00c8GLEMENT DE LA RUN\u2019INSA 20<\/strong><span style=\"font-size: revert;\">26<\/span><\/p><p><b>16 avril 2026 : 11\u00e8me \u00e9dition<\/b><\/p><br><p>\u00a0<\/p><br><p><b>ART. 1 PARCOURS\u00a0<\/b><\/p><br><p>La RUN INSA est une course en relais par \u00e9quipe (2 \u00e0 6 coureurs) de 2 heures (20h00 \u00e0 22h00) se d\u00e9roulant sur le Campus de l\u2019INSA RENNES situ\u00e9 au 20 Avenue des Buttes de Co\u00ebsmes. Elle est organis\u00e9e par l\u2019Association Sportive de l\u2019INSA. Le d\u00e9part se fait dans le rue principale du campus et l\u2019arriv\u00e9e s&#8217;effectue dans la Halle Francis Quern\u00e9. L\u2019\u00e9preuve se d\u00e9roule sur une boucle de 1km.<\/p><br><p>\u00a0<\/p><br><p><b>ART. 2 INSCRIPTIONS\u00a0<\/b><\/p><br><p>Les droits d\u2019engagements sont pr\u00e9cis\u00e9s sur les supports d\u2019inscription. Un tarif pr\u00e9f\u00e9rentiel est appliqu\u00e9 aux \u00e9tudiants. Possibilit\u00e9 d\u2019inscription sur <b>KLIKEGO <\/b>ou sur le campus. Possibilit\u00e9 d\u2019engagement le jour de la course, jusqu&#8217;\u00e0 15min avant le d\u00e9part, dans la limite des places disponibles. Seuls les dossiers complets (bulletin d\u2019inscription accompagn\u00e9 du r\u00e8glement et du certificat m\u00e9dical ou photocopie de la licence FFA ou PPS) seront enregistr\u00e9s.\u00a0<\/p><br><p>\u00a0<\/p><br><p><b>ART. 3 REMISE DES DOSSARDS\u00a0<\/b><\/p><br><p>Les dossards sont \u00e0 retirer de 17h00 \u00e0 19h55 le jour de la course sur le campus de l\u2019INSA (zone de d\u00e9part : Halle Francis Quern\u00e9 de l\u2019INSA Rennes). L\u2019appel des coureurs sur la ligne de d\u00e9part se fera \u00e0 19h45 pour un d\u00e9part donn\u00e9 \u00e0 20h00.\u00a0<\/p><br><p>\u00a0<\/p><br><p><b>ART. 4 CERTIFICATS M\u00c9DICAUX<\/b><b>\u00a0<\/b><\/p><br><p>Seules les licences de la F\u00e9d\u00e9ration Fran\u00e7aise d\u2019Athl\u00e9tisme sont accept\u00e9es. Les coureurs licenci\u00e9s de la F\u00e9d\u00e9ration Fran\u00e7aise d\u2019Athl\u00e9tisme devront imp\u00e9rativement noter le num\u00e9ro de licence en cours de validit\u00e9 sur le bulletin d\u2019inscription et y joindre sa photocopie.\u00a0<\/p><br><p>Les coureurs non licenci\u00e9s devront joindre au bulletin d\u2019inscription, conform\u00e9ment \u00e0 l\u2019article 2 31-2-1 du code du sport, l\u2019original du certificat m\u00e9dical ou sa photocopie de non contre-indication \u00e0 la pratique de la course \u00e0 pied en comp\u00e9tition datant de moins d\u2019un an \u00e0 la date de l\u2019\u00e9preuve.\u00a0<\/p><br><p>Il est \u00e9galement possible depuis le 1er avril 2024 de suivre une formation en ligne pour substituer au certificat m\u00e9dical : le PSS. La F\u00e9d\u00e9ration Fran\u00e7aise d\u2019Athl\u00e9tisme a mis en place son Parcours Pr\u00e9vention Sant\u00e9, dispositif se substituant, pour toute personne majeure, \u00e0 la fourniture du traditionnel certificat m\u00e9dical d\u2019aptitude \u00e0 la pratique. A la fin de la formation, vous recevrez une attestation \u00e0 nous transmettre.<\/p><br><p>La course est ouverte \u00e0 tous, licenci\u00e9s ou non, \u00e0 partir de l\u2019\u00e2ge de 15 ans, avec autorisation parentale pour les mineurs.\u00a0<\/p><br><p>\u00a0<\/p><br><p><b>ART. 5 COURSE, CLASSEMENT et CHRONOM\u00c9TRAGE<\/b><b>\u00a0<\/b><\/p><br><p>La course est une \u00e9preuve en relais libre, le t\u00e9moin est mat\u00e9rialis\u00e9 par un b\u00e2ton \u00e0 puce RFID, il doit obligatoirement \u00eatre port\u00e9 \u00e0 la main par l\u2019\u00e9quipier en train de courir. Le passage du relais se fait uniquement dans la zone pr\u00e9vue \u00e0 cet effet, dans la Halle. L\u2019organisation pr\u00e9voit des zones pour chaque \u00e9quipe pour fluidifier les changements de coureurs. NB : le relais est libre, chaque \u00e9quipe s\u2019organise comme bon lui semble pour les changements de coureur. (nombre de tours cons\u00e9cutifs par relayeur, nombre de tours par relayeur au total\u2026).<\/p><br><p>ATTENTION l\u2019\u00e9quipe technique de chronom\u00e9trage ne garantit la comptabilisation des tours que si le t\u00e9moin puce est port\u00e9 \u00e0 la main au moment du passage de la ligne.\u00a0<\/p><br><p>Le classement se fera au plus grand nombre de tours effectu\u00e9s par l\u2019\u00e9quipe sur la dur\u00e9e de l\u2019\u00e9preuve. En cas d\u2019\u00e9galit\u00e9 de tours, c\u2019est le meilleur chronom\u00e8tre qui d\u00e9partagera les \u00e9quipes. Un coureur d\u00e9j\u00e0 engag\u00e9 dans un dernier tour au moment o\u00f9 sera sonn\u00e9e la fin de la course (22h00) devra continuer son tour jusqu\u2019au passage de ligne suivant. Le chronom\u00e8tre de son \u00e9quipe est arr\u00eat\u00e9 lors de son passage final sur la ligne.\u00a0<\/p><br><p>Les coureurs seront alors invit\u00e9s \u00e0 remettre leur t\u00e9moin aux b\u00e9n\u00e9voles de l\u2019organisation.<\/p><br><p>\u00a0<\/p><br><p><b>ART. 6 R\u00c9COMPENSES<\/b><\/p><br><p>Chaque participant se verra remettre un pack souvenir de l\u2019\u00e9v\u00e9nement au moment du retrait des dossards. D\u00e8s 22h20 une c\u00e9r\u00e9monie podium sera organis\u00e9e, et une tombola par tirage au sort des dossards aura lieu pendant cette remise des prix. Les \u00e9quipes r\u00e9compens\u00e9es seront :<\/p><br><p>&#8211; les 3 premi\u00e8res \u00e9quipes au classement g\u00e9n\u00e9ral scratch.\u00a0<\/p><br><p>&#8211; les 3 premi\u00e8res \u00e9quipes 100% f\u00e9minines.\u00a0<\/p><br><p>&#8211; les 3 premi\u00e8res \u00e9quipes mixtes Salari\u00e9(e)s-\u00e9tudiant(e)s\u00a0<\/p><br><p>Les lots et r\u00e9compenses ne sont pas cumulables.\u00a0<\/p><br><p>\u00a0<\/p><br><p><b>ART. 7 ACCUEIL CONCURRENTS\u00a0<\/b><\/p><br><p>De nombreuses surprises et animations sont organis\u00e9es sur le site tout au long de la soir\u00e9e, avant, pendant et apr\u00e8s la course. Diff\u00e9rents stands restauration (payant) sont pr\u00e9sents sur le site. Des vestiaires avec douches sont mis \u00e0 disposition dans la halle. Pour les sacs et v\u00eatements, une consigne gratuite sera disponible sur place. Toutefois, l\u2019organisation RUN INSA Sopra Steria d\u00e9cline sa responsabilit\u00e9 en cas de vol, perte ou d\u00e9t\u00e9rioration des biens et effets personnels.\u00a0<\/p><br><p>\u00a0<\/p><br><p><b>ART. 8 RAVITAILLEMENT\u00a0<\/b><\/p><br><p>La zone de ravitaillement se situe dans la halle, \u00e0 proximit\u00e9 de la zone de relais. Le ravitaillement est disponible pendant toute la dur\u00e9e de la course. Liquide et solide. Un eco-cup sera fourni \u00e0 chaque coureur, qu&#8217;il devra garder pendant toute la dur\u00e9e de l\u2019\u00e9v\u00e8nement.\u00a0<\/p><br><p>\u00a0<\/p><br><p><b>ART. 9 ASSURANCE\u00a0<\/b><\/p><br><p>Responsabilit\u00e9 civile : conform\u00e9ment \u00e0 la loi les organisateurs ont souscrit une assurance couvrant les cons\u00e9quences de leur responsabilit\u00e9 civile, celle de leur pr\u00e9pos\u00e9. Les licenci\u00e9s b\u00e9n\u00e9ficient des garanties accord\u00e9es par l\u2019assurance li\u00e9e \u00e0 leur licence. Il incombe aux autres participants de s\u2019assurer personnellement.\u00a0<\/p><br><p>De plus, l\u2019organisation d\u00e9cline toute responsabilit\u00e9 en cas de vol ou de dommages qui pourraient survenir pendant la manifestation sportive.\u00a0<\/p><br><p>\u00a0<\/p><br><p><b>ART. 10 ACCOMPAGNATEURS\u00a0<\/b><\/p><br><p>Les bicyclettes, engins \u00e0 roulettes et\/ou motoris\u00e9s sont formellement interdits sur le parcours, \u00e0 l\u2019exception de ceux autoris\u00e9s par l\u2019\u00e9quipe organisatrice.<\/p><br><p>\u00a0<\/p><br><p><b>ART. 11 DROIT \u00c0 L\u2019IMAGE\u00a0<\/b><\/p><br><p>\u00ab J\u2019autorise express\u00e9ment les organisateurs de la RUN INSA ainsi que les partenaires et m\u00e9dias, \u00e0 utiliser les images fixes ou audiovisuelles sur lesquelles je pourrais appara\u00eetre, prises \u00e0 l\u2019occasion de ma participation \u00e0 la RUN INSA, sur tous les supports y compris les documents promotionnels et\/ou publicitaires, dans le monde entier et pour la dur\u00e9e la plus longue pr\u00e9vue par la loi, les r\u00e8glements, les trait\u00e9s en vigueur, y compris pour les prolongations \u00e9ventuelles qui pourraient \u00eatre apport\u00e9es \u00e0 cette dur\u00e9e \u00bb.\u00a0<\/p><br><p>\u00a0<\/p><br><p><b>ART. 12 REPORT ET ANNULATION\u00a0<\/b><\/p><br><p>L\u2019organisateur se r\u00e9serve le droit d\u2019annuler ou reporter la manifestation soit sur requ\u00eate de l\u2019autorit\u00e9 administrative, soit sur cas de force majeure, catastrophe naturelle ou toute autre circonstance mettant en danger la s\u00e9curit\u00e9 des concurrents.\u00a0<\/p><br><p>En cas d&#8217;impossibilit\u00e9 de r\u00e9aliser l&#8217;\u00e9v\u00e9nement \u00e0 la date pr\u00e9vue, l&#8217;organisation \u00e9tudiera une solution de report de l&#8217;\u00e9v\u00e9nement \u00e0 une date ult\u00e9rieure dans la limite des 18 mois suivants la date initiale. Solution envisag\u00e9e \u00e0 ce jour : report de l\u2019inscription \u00e0 l\u2019\u00e9dition suivante en 2027.<\/p><br><p>Si la d\u00e9cision d&#8217;annuler \u00e9tait prise suite \u00e0 une impossibilit\u00e9 de reporter, le remboursement des participants serait r\u00e9alis\u00e9 en int\u00e9gralit\u00e9.<\/p><br><p>\u00a0<\/p><br><p><b>CONCLUSION\u00a0<\/b><\/p><br><p>Tout concurrent inscrit, reconna\u00eet de fait avoir pris connaissance du pr\u00e9sent r\u00e8glement et en accepte les clauses.<\/p><\/p>\n\n\n\n<p><\/p>\n","protected":false},"excerpt":{"rendered":"<p>R\u00e8glement participants pour l\u2019\u00e9dition 2026 R\u00c8GLEMENT DE LA RUN\u2019INSA 2026 16 avril 2026 : 11\u00e8me \u00e9dition \u00a0 ART. 1 PARCOURS\u00a0 La RUN INSA est une course en relais par \u00e9quipe (2 \u00e0 6 coureurs) de 2 heures (20h00 \u00e0 22h00) se d\u00e9roulant sur le Campus de l\u2019INSA RENNES situ\u00e9 au 20 Avenue des Buttes de [&hellip;]<\/p>\n","protected":false},"author":1,"featured_media":0,"parent":0,"menu_order":0,"comment_status":"closed","ping_status":"closed","template":"","meta":{"ocean_post_layout":"","ocean_both_sidebars_style":"","ocean_both_sidebars_content_width":0,"ocean_both_sidebars_sidebars_width":0,"ocean_sidebar":"","ocean_second_sidebar":"","ocean_disable_margins":"enable","ocean_add_body_class":"","ocean_shortcode_before_top_bar":"","ocean_shortcode_after_top_bar":"","ocean_shortcode_before_header":"","ocean_shortcode_after_header":"","ocean_has_shortcode":"","ocean_shortcode_after_title":"","ocean_shortcode_before_footer_widgets":"","ocean_shortcode_after_footer_widgets":"","ocean_shortcode_before_footer_bottom":"","ocean_shortcode_after_footer_bottom":"","ocean_display_top_bar":"default","ocean_display_header":"default","ocean_header_style":"","ocean_center_header_left_menu":"","ocean_custom_header_template":"","ocean_custom_logo":0,"ocean_custom_retina_logo":0,"ocean_custom_logo_max_width":0,"ocean_custom_logo_tablet_max_width":0,"ocean_custom_logo_mobile_max_width":0,"ocean_custom_logo_max_height":0,"ocean_custom_logo_tablet_max_height":0,"ocean_custom_logo_mobile_max_height":0,"ocean_header_custom_menu":"","ocean_menu_typo_font_family":"","ocean_menu_typo_font_subset":"","ocean_menu_typo_font_size":0,"ocean_menu_typo_font_size_tablet":0,"ocean_menu_typo_font_size_mobile":0,"ocean_menu_typo_font_size_unit":"px","ocean_menu_typo_font_weight":"","ocean_menu_typo_font_weight_tablet":"","ocean_menu_typo_font_weight_mobile":"","ocean_menu_typo_transform":"","ocean_menu_typo_transform_tablet":"","ocean_menu_typo_transform_mobile":"","ocean_menu_typo_line_height":0,"ocean_menu_typo_line_height_tablet":0,"ocean_menu_typo_line_height_mobile":0,"ocean_menu_typo_line_height_unit":"","ocean_menu_typo_spacing":0,"ocean_menu_typo_spacing_tablet":0,"ocean_menu_typo_spacing_mobile":0,"ocean_menu_typo_spacing_unit":"","ocean_menu_link_color":"","ocean_menu_link_color_hover":"","ocean_menu_link_color_active":"","ocean_menu_link_background":"","ocean_menu_link_hover_background":"","ocean_menu_link_active_background":"","ocean_menu_social_links_bg":"","ocean_menu_social_hover_links_bg":"","ocean_menu_social_links_color":"","ocean_menu_social_hover_links_color":"","ocean_disable_title":"default","ocean_disable_heading":"default","ocean_post_title":"","ocean_post_subheading":"","ocean_post_title_style":"","ocean_post_title_background_color":"","ocean_post_title_background":0,"ocean_post_title_bg_image_position":"","ocean_post_title_bg_image_attachment":"","ocean_post_title_bg_image_repeat":"","ocean_post_title_bg_image_size":"","ocean_post_title_height":0,"ocean_post_title_bg_overlay":0.5,"ocean_post_title_bg_overlay_color":"","ocean_disable_breadcrumbs":"default","ocean_breadcrumbs_color":"","ocean_breadcrumbs_separator_color":"","ocean_breadcrumbs_links_color":"","ocean_breadcrumbs_links_hover_color":"","ocean_display_footer_widgets":"default","ocean_display_footer_bottom":"default","ocean_custom_footer_template":"","footnotes":""},"class_list":["post-242","page","type-page","status-publish","hentry","entry"],"_links":{"self":[{"href":"https:\/\/runinsa.fr\/index.php\/wp-json\/wp\/v2\/pages\/242","targetHints":{"allow":["GET"]}}],"collection":[{"href":"https:\/\/runinsa.fr\/index.php\/wp-json\/wp\/v2\/pages"}],"about":[{"href":"https:\/\/runinsa.fr\/index.php\/wp-json\/wp\/v2\/types\/page"}],"author":[{"embeddable":true,"href":"https:\/\/runinsa.fr\/index.php\/wp-json\/wp\/v2\/users\/1"}],"replies":[{"embeddable":true,"href":"https:\/\/runinsa.fr\/index.php\/wp-json\/wp\/v2\/comments?post=242"}],"version-history":[{"count":14,"href":"https:\/\/runinsa.fr\/index.php\/wp-json\/wp\/v2\/pages\/242\/revisions"}],"predecessor-version":[{"id":557,"href":"https:\/\/runinsa.fr\/index.php\/wp-json\/wp\/v2\/pages\/242\/revisions\/557"}],"wp:attachment":[{"href":"https:\/\/runinsa.fr\/index.php\/wp-json\/wp\/v2\/media?parent=242"}],"curies":[{"name":"wp","href":"https:\/\/api.w.org\/{rel}","templated":true}]}}